{"id":62,"date":"2017-11-25T15:25:32","date_gmt":"2017-11-25T14:25:32","guid":{"rendered":"http:\/\/unsafnacua.cluster021.hosting.ovh.net\/wp\/?page_id=62"},"modified":"2021-05-25T15:11:07","modified_gmt":"2021-05-25T13:11:07","slug":"adhesion","status":"publish","type":"page","link":"https:\/\/unsa-fnacdarty.org\/?page_id=62","title":{"rendered":"Adh\u00e9rer \u00e0 l&rsquo;UNSA FNAC DARTY"},"content":{"rendered":"\t\t<div data-elementor-type=\"wp-page\" data-elementor-id=\"62\" class=\"elementor elementor-62\">\n\t\t\t\t\t\t\t\t\t<section class=\"elementor-section elementor-top-section elementor-element elementor-element-ae590cd elementor-section-stretched elementor-section-boxed elementor-section-height-default elementor-section-height-default\" data-id=\"ae590cd\" data-element_type=\"section\" data-settings=\"{&quot;stretch_section&quot;:&quot;section-stretched&quot;}\">\n\t\t\t\t\t\t<div class=\"elementor-container elementor-column-gap-default\">\n\t\t\t\t\t<div class=\"elementor-column elementor-col-25 elementor-top-column elementor-element elementor-element-98814fe\" data-id=\"98814fe\" data-element_type=\"column\">\n\t\t\t<div class=\"elementor-widget-wrap elementor-element-populated\">\n\t\t\t\t\t\t\t\t<div class=\"elementor-element elementor-element-392ee39a elementor-view-stacked elementor-shape-circle elementor-widget elementor-widget-icon\" data-id=\"392ee39a\" data-element_type=\"widget\" data-widget_type=\"icon.default\">\n\t\t\t\t<div class=\"elementor-widget-container\">\n\t\t\t\t\t<div class=\"elementor-icon-wrapper\">\n\t\t\t<div class=\"elementor-icon elementor-animation-pulse\">\n\t\t\t\t\t\t\t<i class=\"fa fa-thumbs-up\" aria-hidden=\"true\"><\/i>\n\t\t\t\t\t\t<\/div>\n\t\t<\/div>\n\t\t\t\t<\/div>\n\t\t\t\t<\/div>\n\t\t\t\t\t<\/div>\n\t\t<\/div>\n\t\t\t\t<div class=\"elementor-column elementor-col-50 elementor-top-column elementor-element elementor-element-58285c3d\" data-id=\"58285c3d\" data-element_type=\"column\">\n\t\t\t<div class=\"elementor-widget-wrap elementor-element-populated\">\n\t\t\t\t\t\t\t\t<div class=\"elementor-element elementor-element-68287c71 elementor-widget elementor-widget-text-editor\" data-id=\"68287c71\" data-element_type=\"widget\" data-widget_type=\"text-editor.default\">\n\t\t\t\t<div class=\"elementor-widget-container\">\n\t\t\t\t\t\t\t<p style=\"font-variant-caps: normal; font-family: Roboto, sans-serif; font-size: 18px; font-style: normal; color: #000000; text-align: justify;\"><span style=\"font-size: 18px; color: #000000;\"><span style=\"font-size: 18px;\">Adh\u00e9rer \u00e0 l&rsquo;UNSA, c&rsquo;est s&rsquo;assurer de donner de la voix \u00e0 un syndicat <span style=\"color: #10afda;\"><strong>ind\u00e9pendant<\/strong> <\/span>de toute pression, qu&rsquo;elle vienne de la Direction ou d&rsquo;une centrale syndicale, comme c&rsquo;est trop souvent le cas avec les syndicats traditionnels. A l&rsquo;UNSA, ce sont les repr\u00e9sentant.e.s et les \u00e9lu.e.s de <strong><span style=\"color: #10afda;\">votre entreprise<\/span> <\/strong>qui d\u00e9cident en toute ind\u00e9pendance, dans <strong><span style=\"color: #10afda;\">votre int\u00e9r\u00eat<\/span><\/strong>.<br \/><\/span><\/span><\/p><p style=\"font-variant-caps: normal; font-family: Roboto, sans-serif; font-size: 18px; font-style: normal; color: #000000; text-align: justify;\"><span style=\"font-size: 18px; color: #000000;\"><span style=\"font-size: 18px; font-weight: 600;\">\u00a0L&rsquo;adh\u00e9sion syndicale est strictement confidentielle. Jamais la Direction ne sera inform\u00e9e de votre adh\u00e9sion \u00e0 l&rsquo;UNSA.<br \/><\/span><\/span><\/p>\t\t\t\t\t\t<\/div>\n\t\t\t\t<\/div>\n\t\t\t\t\t<\/div>\n\t\t<\/div>\n\t\t\t\t<div class=\"elementor-column elementor-col-25 elementor-top-column elementor-element elementor-element-24a8576e\" data-id=\"24a8576e\" data-element_type=\"column\">\n\t\t\t<div class=\"elementor-widget-wrap\">\n\t\t\t\t\t\t\t\t\t<\/div>\n\t\t<\/div>\n\t\t\t\t\t\t\t<\/div>\n\t\t<\/section>\n\t\t\t\t<section class=\"elementor-section elementor-top-section elementor-element elementor-element-1dc4ca0 elementor-section-boxed elementor-section-height-default elementor-section-height-default\" data-id=\"1dc4ca0\" data-element_type=\"section\">\n\t\t\t\t\t\t<div class=\"elementor-container elementor-column-gap-default\">\n\t\t\t\t\t<div class=\"elementor-column elementor-col-100 elementor-top-column elementor-element elementor-element-da8f85a\" data-id=\"da8f85a\" data-element_type=\"column\">\n\t\t\t<div class=\"elementor-widget-wrap elementor-element-populated\">\n\t\t\t\t\t\t\t\t<div class=\"elementor-element elementor-element-ad50fde elementor-widget elementor-widget-spacer\" data-id=\"ad50fde\" data-element_type=\"widget\" data-widget_type=\"spacer.default\">\n\t\t\t\t<div class=\"elementor-widget-container\">\n\t\t\t\t\t<div class=\"elementor-spacer\">\n\t\t\t<div class=\"elementor-spacer-inner\"><\/div>\n\t\t<\/div>\n\t\t\t\t<\/div>\n\t\t\t\t<\/div>\n\t\t\t\t<div class=\"elementor-element elementor-element-9c267cd elementor-widget elementor-widget-heading\" data-id=\"9c267cd\" data-element_type=\"widget\" data-widget_type=\"heading.default\">\n\t\t\t\t<div class=\"elementor-widget-container\">\n\t\t\t<h2 class=\"elementor-heading-title elementor-size-large\">UNSA, LA MARQUE AUTONOME QUI PLAIT AUX SALARI\u00e9.E.s<\/h2>\t\t<\/div>\n\t\t\t\t<\/div>\n\t\t\t\t<div class=\"elementor-element elementor-element-1dd49a5 elementor-widget elementor-widget-text-editor\" data-id=\"1dd49a5\" data-element_type=\"widget\" data-widget_type=\"text-editor.default\">\n\t\t\t\t<div class=\"elementor-widget-container\">\n\t\t\t\t\t\t\t<p><video controls=\"controls\" width=\"640\" height=\"360\"><br \/><source src=\"http:\/\/www.unsa.org\/IMG\/mp4\/expression_directe_1510.mp4\" type=\"video\/mp4\" \/><br \/><\/video><\/p>\t\t\t\t\t\t<\/div>\n\t\t\t\t<\/div>\n\t\t\t\t<div class=\"elementor-element elementor-element-de553e1 elementor-widget elementor-widget-text-editor\" data-id=\"de553e1\" data-element_type=\"widget\" data-widget_type=\"text-editor.default\">\n\t\t\t\t<div class=\"elementor-widget-container\">\n\t\t\t\t\t\t\t<p style=\"text-align: right;\"><span style=\"text-decoration: underline;\"><em><a href=\"http:\/\/unsa-fnacdarty.org\/?page_id=444\">Toutes les vid\u00e9os<\/a><\/em><\/span><em><a href=\"http:\/\/unsa-fnacdarty.org\/?page_id=444\"> \u2192<\/a><\/em><\/p>\t\t\t\t\t\t<\/div>\n\t\t\t\t<\/div>\n\t\t\t\t\t<\/div>\n\t\t<\/div>\n\t\t\t\t\t\t\t<\/div>\n\t\t<\/section>\n\t\t\t\t<section class=\"elementor-section elementor-top-section elementor-element elementor-element-0b94ade elementor-section-boxed elementor-section-height-default elementor-section-height-default\" data-id=\"0b94ade\" data-element_type=\"section\">\n\t\t\t\t\t\t<div class=\"elementor-container elementor-column-gap-default\">\n\t\t\t\t\t<div class=\"elementor-column elementor-col-100 elementor-top-column elementor-element elementor-element-ef1b250\" data-id=\"ef1b250\" data-element_type=\"column\">\n\t\t\t<div class=\"elementor-widget-wrap elementor-element-populated\">\n\t\t\t\t\t\t\t\t<div class=\"elementor-element elementor-element-eecad76 elementor-widget elementor-widget-spacer\" data-id=\"eecad76\" data-element_type=\"widget\" data-widget_type=\"spacer.default\">\n\t\t\t\t<div class=\"elementor-widget-container\">\n\t\t\t\t\t<div class=\"elementor-spacer\">\n\t\t\t<div class=\"elementor-spacer-inner\"><\/div>\n\t\t<\/div>\n\t\t\t\t<\/div>\n\t\t\t\t<\/div>\n\t\t\t\t<div class=\"elementor-element elementor-element-d8f7824 elementor-widget elementor-widget-text-editor\" data-id=\"d8f7824\" data-element_type=\"widget\" data-widget_type=\"text-editor.default\">\n\t\t\t\t<div class=\"elementor-widget-container\">\n\t\t\t\t\t\t\t<div id=\"wa-row-j9ymcwsw1duyiu4d6o\" class=\"row row-align \" style=\"font-variant-caps: normal; font-family: Roboto, sans-serif; font-size: 18px; font-style: normal;\"><div class=\" col-xs-12 col-sm-8 col-md-8 col-lg-8 \" style=\"font-size: 18px;\"><div id=\"wa-comptext-j9ymcwsw1duyhm5xq8\" class=\"wa-comptext clearfix\" style=\"font-size: 18px;\"><h2><span style=\"font-size: 20px; color: #c4107f;\">COMMENT\u00a0ADH\u00c9RER \u00c0 L\u2019UNSA ?<\/span><\/h2><p style=\"font-size: 18px;\"><span style=\"color: #000000;\">L&rsquo;adh\u00e9sion ne prend que quelques minutes !<\/span><\/p><p style=\"font-size: 18px;\"><span style=\"color: #000000;\">La cotisation annuelle est de <strong>80\u20ac<\/strong>, pr\u00e9levable en 4 x 20\u20ac en mars, juin, septembre et d\u00e9cembre. Apr\u00e8s application de la\u00a0r\u00e9duction d&rsquo;imp\u00f4t de 66%,\u00a0<\/span><span style=\"font-size: 18px; font-weight: 600;\"><span style=\"font-size: 18px; color: #10afda;\">votre adh\u00e9sion ne vous co\u00fbtera finalement que 27,20\u20ac<\/span>\u00a0<\/span>!<span style=\"font-size: 1rem;\">\u00a0<\/span><span style=\"font-family: Roboto, sans-serif; font-size: 18px; font-style: normal; font-variant-caps: normal;\">\u00a0<\/span><span style=\"font-family: Roboto, sans-serif; font-style: normal; font-variant-caps: normal; font-size: 1rem;\">\u00a0<\/span><\/p><\/div><\/div><\/div>\t\t\t\t\t\t<\/div>\n\t\t\t\t<\/div>\n\t\t\t\t<div class=\"elementor-element elementor-element-689f73b elementor-widget elementor-widget-text-editor\" data-id=\"689f73b\" data-element_type=\"widget\" data-widget_type=\"text-editor.default\">\n\t\t\t\t<div class=\"elementor-widget-container\">\n\t\t\t\t\t\t\t<p><span style=\"font-family: Roboto, sans-serif; font-size: 18px; font-style: normal; font-variant-caps: normal;\"><span style=\"color: #000000;\"><b>A SAVOIR<\/b> : v<\/span><\/span><span style=\"font-family: Roboto, sans-serif; font-size: 18px; font-style: normal; font-variant-caps: normal;\"><span style=\"color: #000000;\">otre adh\u00e9sion \u00e0 l&rsquo;UNSA vous permet de b\u00e9n\u00e9ficier d&rsquo;un acompagnement juridique, social et administratif,<\/span>\u00a0<\/span><span style=\"font-family: Roboto, sans-serif; font-size: 18px; font-style: normal; font-variant-caps: normal; color: #10afda;\"><span style=\"font-size: 18px; font-weight: 600;\">personnel<\/span><\/span><span style=\"font-family: Roboto, sans-serif; font-size: 18px; font-style: normal; font-variant-caps: normal;\">\u00a0<span style=\"color: #000000;\">et<\/span>\u00a0<\/span><span style=\"font-family: Roboto, sans-serif; font-size: 18px; font-style: normal; font-variant-caps: normal; color: #10afda;\"><span style=\"font-size: 18px; font-weight: 600;\">professionnel<\/span><\/span><span style=\"font-family: Roboto, sans-serif; font-size: 18px; font-style: normal; font-variant-caps: normal;\">, <span style=\"color: #000000;\">avec notre partenaire<\/span><\/span><span style=\"font-family: Roboto, sans-serif; font-size: 18px; font-style: normal; font-variant-caps: normal; color: #10afda;\"><span style=\"font-size: 18px; font-weight: 600;\"><span style=\"color: #000000;\">\u00a0<\/span><span style=\"text-decoration: underline;\"><a style=\"font-size: 18px;\" title=\"\" href=\"http:\/\/www.nouvellesvoies.com\/\" target=\"_blank\" rel=\"noopener\">Nouvelles Voies<\/a><\/span><\/span><\/span><span style=\"font-family: Roboto, sans-serif; font-size: 18px; font-style: normal; font-variant-caps: normal;\">. <span style=\"color: #000000;\">T\u00e9l\u00e9chargez la brochure d&rsquo;information en cliquant<\/span>\u00a0<\/span><span style=\"font-size: 18px; text-decoration: underline;\"><span style=\"font-variant-caps: normal; font-family: Roboto, sans-serif; font-size: 18px; font-style: normal; color: #10afda;\"><span style=\"font-size: 18px; font-weight: 600;\"><a style=\"font-size: 18px;\" title=\"d\u00e9pliant d'information UNSA-Nouvelles Voies\" href=\"http:\/\/unsa-fnacdarty.org\/wp-content\/uploads\/2018\/02\/partenariat-unsa-nv.pdf\" target=\"_blank\" rel=\"noopener\">ici<\/a><\/span><\/span><\/span><span style=\"font-family: Roboto, sans-serif; font-size: 18px; font-style: normal; font-variant-caps: normal;\">.<\/span><\/p>\t\t\t\t\t\t<\/div>\n\t\t\t\t<\/div>\n\t\t\t\t<div class=\"elementor-element elementor-element-4f73cfc elementor-widget elementor-widget-spacer\" data-id=\"4f73cfc\" data-element_type=\"widget\" data-widget_type=\"spacer.default\">\n\t\t\t\t<div class=\"elementor-widget-container\">\n\t\t\t\t\t<div class=\"elementor-spacer\">\n\t\t\t<div class=\"elementor-spacer-inner\"><\/div>\n\t\t<\/div>\n\t\t\t\t<\/div>\n\t\t\t\t<\/div>\n\t\t\t\t<div class=\"elementor-element elementor-element-3d54e35 elementor-widget elementor-widget-text-editor\" data-id=\"3d54e35\" data-element_type=\"widget\" data-widget_type=\"text-editor.default\">\n\t\t\t\t<div class=\"elementor-widget-container\">\n\t\t\t\t\t\t\t<div style=\"font-variant-caps: normal; font-family: Roboto, sans-serif; font-size: 18px; font-style: normal;\"><div style=\"font-size: 18px;\"><div style=\"font-size: 18px;\"><p style=\"font-size: 18px;\"><span style=\"color: #000000;\">Pour adh\u00e9rer, vous pouvez : <\/span><\/p><ul><li><span style=\"color: #000000;\">Adh\u00e9rer directement en ligne en remplissant<span style=\"text-decoration: underline;\"><strong><span style=\"color: #10afda; text-decoration: underline;\"><a style=\"color: #10afda; text-decoration: underline;\" href=\"https:\/\/commerces-services.unsa.org\/adhesion\/\">ce formulaire<\/a><\/span><\/strong><\/span><strong><span style=\"color: #10afda;\">\u00a0 \u00a0<\/span><\/strong><\/span><span style=\"color: #a3107c;\"><strong>NOUVEAU<\/strong><\/span><\/li><li style=\"font-size: 18px;\"><span style=\"color: #000000;\">Contacter <\/span><span style=\"font-size: 18px; font-weight: 600;\"><span style=\"text-decoration: underline;\"><span style=\"font-size: 18px; color: #10afda; text-decoration: underline;\"><a style=\"font-size: 18px;\" href=\"http:\/\/unsa-fnacdarty.org\/?page_id=393\">vos repr\u00e9sentants UNSA<\/a>\u00a0<\/span><\/span><\/span><\/li><li style=\"font-size: 18px;\"><a href=\"http:\/\/unsa-fnacdarty.org\/?page_id=27\"><span style=\"color: #000000;\">ou envoyer un message de demande d&rsquo;adh\u00e9sion en utilisant le\u00a0<\/span><span style=\"text-decoration: underline;\"><span style=\"font-size: 18px; font-weight: 600;\">formulaire de contact<\/span>.<\/span><\/a><\/li><li><span style=\"color: #000000;\">ou t\u00e9l\u00e9charger le<\/span> <span style=\"text-decoration: underline;\"><strong><a href=\"http:\/\/unsa-fnacdarty.org\/wp-content\/uploads\/2019\/01\/BULLETIN-adh\u00e9sion.pdf\"><span style=\"color: #10afda; text-decoration: underline;\">bulletin d&rsquo;adh\u00e9sion<\/span><\/a> <\/strong><\/span><span style=\"color: #000000;\">et le renvoyer \u00e0 l&rsquo;adresse indiqu\u00e9e (dans le cas d&rsquo;une cr\u00e9ation de section sur votre site)<br \/><\/span><\/li><\/ul><\/div><\/div><\/div><div style=\"font-variant-caps: normal; font-family: Roboto, sans-serif; font-size: 18px; font-style: normal;\"><div style=\"font-size: 18px;\"><div style=\"font-size: 18px;\"><h2><span style=\"font-size: 20px; color: #c4107f;\">\u00a0<\/span><\/h2><h2><span style=\"font-size: 20px; color: #c4107f;\">POURQUOI ADH\u00c9RER \u00c0 L\u2019UNSA ?<\/span><\/h2><p style=\"font-size: 18px;\"><span style=\"color: #000000;\">Depuis sa cr\u00e9ation, l&rsquo;UNSA d\u00e9fend un syndicalisme qui se veut combatif mais surtout\u00a0<\/span><span style=\"font-size: 18px; color: #10afda;\"><span style=\"font-size: 18px; font-weight: 600;\">efficace\u00a0<\/span><\/span><span style=\"color: #000000;\">pour r\u00e9gler les probl\u00e8mes.<\/span><\/p><p style=\"font-size: 18px;\"><span style=\"color: #000000;\">L\u2019UNSA s\u2019inscrit en permanence dans le cadre de\u00a0<\/span><span style=\"font-size: 18px; color: #10afda;\"><span style=\"font-size: 18px; font-weight: 600;\">l\u2019ind\u00e9pendance<\/span><\/span>\u00a0<span style=\"color: #000000;\">du syndicalisme vis \u00e0 vis des interlocuteurs gouvernementaux, patronaux et des partis politiques, sa charte est le socle commun \u00e0 tous ses adh\u00e9rents.<\/span><\/p><p style=\"font-size: 18px;\"><span style=\"color: #000000;\">L\u2019UNSA est attach\u00e9e \u00e0\u00a0<\/span><span style=\"font-size: 18px; color: #10afda;\"><span style=\"font-size: 18px; font-weight: 600;\">l\u2019autonomie<\/span><\/span>\u00a0<span style=\"color: #000000;\">de ses syndicats. Ce sont eux qui prennent d\u00e9mocratiquement les d\u00e9cisions qui les concernent,\u00a0<\/span><span style=\"font-size: 18px; color: #10afda;\"><span style=\"font-size: 18px; font-weight: 600;\">sans intervention<\/span><\/span>\u00a0<span style=\"color: #000000;\">de l\u2019Union Nationale, R\u00e9gionale ou D\u00e9partementale.<\/span><\/p><p style=\"font-size: 18px;\"><span style=\"color: #000000;\">Les cotisations de l\u2019UNSA ne sont pas \u00e9lev\u00e9es car elles servent \u00e0 financer un nombre limit\u00e9 de structures. Cela permet \u00e9galement \u00e0 chacun de renouer avec une adh\u00e9sion syndicale. En outre, 66% de son montant est d\u00e9ductible des imp\u00f4ts sur le revenu.<br \/><\/span><\/p><\/div><\/div><\/div>\t\t\t\t\t\t<\/div>\n\t\t\t\t<\/div>\n\t\t\t\t\t<\/div>\n\t\t<\/div>\n\t\t\t\t\t\t\t<\/div>\n\t\t<\/section>\n\t\t\t\t<section class=\"elementor-section elementor-top-section elementor-element elementor-element-083c28e elementor-section-boxed elementor-section-height-default elementor-section-height-default\" data-id=\"083c28e\" data-element_type=\"section\">\n\t\t\t\t\t\t<div class=\"elementor-container elementor-column-gap-default\">\n\t\t\t\t\t<div class=\"elementor-column elementor-col-100 elementor-top-column elementor-element elementor-element-73f6a40\" data-id=\"73f6a40\" data-element_type=\"column\">\n\t\t\t<div class=\"elementor-widget-wrap elementor-element-populated\">\n\t\t\t\t\t\t\t\t<div class=\"elementor-element elementor-element-7290628 elementor-widget elementor-widget-spacer\" data-id=\"7290628\" data-element_type=\"widget\" data-widget_type=\"spacer.default\">\n\t\t\t\t<div class=\"elementor-widget-container\">\n\t\t\t\t\t<div class=\"elementor-spacer\">\n\t\t\t<div class=\"elementor-spacer-inner\"><\/div>\n\t\t<\/div>\n\t\t\t\t<\/div>\n\t\t\t\t<\/div>\n\t\t\t\t<div class=\"elementor-element elementor-element-bba7222 elementor-widget elementor-widget-heading\" data-id=\"bba7222\" data-element_type=\"widget\" data-widget_type=\"heading.default\">\n\t\t\t\t<div class=\"elementor-widget-container\">\n\t\t\t<h2 class=\"elementor-heading-title elementor-size-large\">L'unsa, le syndicat qui monte<\/h2>\t\t<\/div>\n\t\t\t\t<\/div>\n\t\t\t\t<div class=\"elementor-element elementor-element-effb488 elementor-widget elementor-widget-text-editor\" data-id=\"effb488\" data-element_type=\"widget\" data-widget_type=\"text-editor.default\">\n\t\t\t\t<div class=\"elementor-widget-container\">\n\t\t\t\t\t\t\t<video controls=\"controls\" width=\"640\" height=\"360\">\n<source src=\"https:\/\/www.unsa.org\/IMG\/mp4\/expression_directe_2001.mp4\" type=\"video\/mp4\" \/> <\/video>\t\t\t\t\t\t<\/div>\n\t\t\t\t<\/div>\n\t\t\t\t<div class=\"elementor-element elementor-element-1fc4c56 elementor-widget elementor-widget-text-editor\" data-id=\"1fc4c56\" data-element_type=\"widget\" data-widget_type=\"text-editor.default\">\n\t\t\t\t<div class=\"elementor-widget-container\">\n\t\t\t\t\t\t\t<p style=\"text-align: right;\"><span style=\"text-decoration: underline;\"><em><a href=\"http:\/\/unsa-fnacdarty.org\/?page_id=444\">Toutes les vid\u00e9os<\/a><\/em><\/span><em><a href=\"http:\/\/unsa-fnacdarty.org\/?page_id=444\"> \u2192<\/a><\/em><\/p>\t\t\t\t\t\t<\/div>\n\t\t\t\t<\/div>\n\t\t\t\t\t<\/div>\n\t\t<\/div>\n\t\t\t\t\t\t\t<\/div>\n\t\t<\/section>\n\t\t\t\t\t\t\t<\/div>\n\t\t","protected":false},"excerpt":{"rendered":"<p>Adh\u00e9rer \u00e0 l&rsquo;UNSA, c&rsquo;est s&rsquo;assurer de donner de la voix \u00e0 un syndicat ind\u00e9pendant de toute pression, qu&rsquo;elle vienne de la Direction ou d&rsquo;une centrale syndicale, comme c&rsquo;est trop souvent le cas avec les syndicats traditionnels. A l&rsquo;UNSA, ce sont les repr\u00e9sentant.e.s et les \u00e9lu.e.s de votre entreprise qui d\u00e9cident en toute ind\u00e9pendance, dans votre [&hellip;]<\/p>\n","protected":false},"author":1,"featured_media":0,"parent":0,"menu_order":0,"comment_status":"closed","ping_status":"closed","template":"","meta":{"_mi_skip_tracking":false,"_exactmetrics_sitenote_active":false,"_exactmetrics_sitenote_note":"","_exactmetrics_sitenote_category":0,"footnotes":""},"class_list":["post-62","page","type-page","status-publish","hentry","entry"],"_links":{"self":[{"href":"https:\/\/unsa-fnacdarty.org\/index.php?rest_route=\/wp\/v2\/pages\/62","targetHints":{"allow":["GET"]}}],"collection":[{"href":"https:\/\/unsa-fnacdarty.org\/index.php?rest_route=\/wp\/v2\/pages"}],"about":[{"href":"https:\/\/unsa-fnacdarty.org\/index.php?rest_route=\/wp\/v2\/types\/page"}],"author":[{"embeddable":true,"href":"https:\/\/unsa-fnacdarty.org\/index.php?rest_route=\/wp\/v2\/users\/1"}],"replies":[{"embeddable":true,"href":"https:\/\/unsa-fnacdarty.org\/index.php?rest_route=%2Fwp%2Fv2%2Fcomments&post=62"}],"version-history":[{"count":54,"href":"https:\/\/unsa-fnacdarty.org\/index.php?rest_route=\/wp\/v2\/pages\/62\/revisions"}],"predecessor-version":[{"id":1831,"href":"https:\/\/unsa-fnacdarty.org\/index.php?rest_route=\/wp\/v2\/pages\/62\/revisions\/1831"}],"wp:attachment":[{"href":"https:\/\/unsa-fnacdarty.org\/index.php?rest_route=%2Fwp%2Fv2%2Fmedia&parent=62"}],"curies":[{"name":"wp","href":"https:\/\/api.w.org\/{rel}","templated":true}]}}