{"id":1477,"date":"2019-10-18T15:19:45","date_gmt":"2019-10-18T13:19:45","guid":{"rendered":"http:\/\/unsa-fnacdarty.org\/?page_id=1477"},"modified":"2020-05-22T15:57:07","modified_gmt":"2020-05-22T13:57:07","slug":"page-speciale-elections-2019-fdps","status":"publish","type":"page","link":"http:\/\/unsa-fnacdarty.org\/?page_id=1477","title":{"rendered":"PAGE SPECIALE ELECTIONS 2019 FDPS"},"content":{"rendered":"\t\t<div data-elementor-type=\"wp-page\" data-elementor-id=\"1477\" class=\"elementor elementor-1477\">\n\t\t\t\t\t\t\t\t\t<section class=\"elementor-section elementor-top-section elementor-element elementor-element-95b133b elementor-section-boxed elementor-section-height-default elementor-section-height-default\" data-id=\"95b133b\" data-element_type=\"section\">\n\t\t\t\t\t\t<div class=\"elementor-container elementor-column-gap-default\">\n\t\t\t\t\t<div class=\"elementor-column elementor-col-100 elementor-top-column elementor-element elementor-element-63532f6\" data-id=\"63532f6\" data-element_type=\"column\">\n\t\t\t<div class=\"elementor-widget-wrap elementor-element-populated\">\n\t\t\t\t\t\t\t\t<div class=\"elementor-element elementor-element-343897b elementor-widget elementor-widget-text-editor\" data-id=\"343897b\" data-element_type=\"widget\" data-widget_type=\"text-editor.default\">\n\t\t\t\t<div class=\"elementor-widget-container\">\n\t\t\t\t\t\t\t<h2 style=\"text-align: center;\"><em><strong><span style=\"color: #000000;\">A l&rsquo;occasion des \u00e9lections professionnelles pour le si\u00e8ge du groupe, suivez sur cette page l&rsquo;actu de la campagne \u00e9lectorale<\/span><\/strong><\/em><\/h2><p style=\"text-align: center;\"><em><span style=\"color: #a4107f;\">(Retrouvez en bas de cette page l&rsquo;int\u00e9gralit\u00e9 de nos documents d&rsquo;information<br \/>et de communication de campagne \u00e0 t\u00e9l\u00e9charger)<\/span><\/em><\/p><p>\u00a0<\/p><h3 style=\"text-align: center;\"><span style=\"color: #000000;\"><strong>Suite \u00e0 ces \u00e9lections, retrouvez tous vos repr\u00e9sentant.e.s UNSA FDPS <\/strong><\/span><br \/><span style=\"color: #000000;\"><strong>et l&rsquo;actualit\u00e9 de la section <span style=\"color: #10afda;\"><a style=\"color: #10afda;\" href=\"http:\/\/unsa-fnacdarty.org\/?page_id=382\">sur cette page d\u00e9di\u00e9e<\/a><\/span><\/strong><\/span><\/h3><p>\u00a0<\/p><p><span style=\"font-variant-caps: normal; font-family: Roboto, sans-serif; font-size: 18px; font-style: normal; color: #a4107f;\"><span style=\"font-size: 18px; font-weight: 600;\"><span style=\"font-variant-caps: normal; font-family: Roboto, sans-serif; font-size: 18px; font-style: normal; color: #a4107f;\"><span style=\"font-size: 18px; font-weight: 600;\">mercredi 15 janvier 2020<\/span><\/span><br \/><\/span><span style=\"font-size: 18px;\"><span style=\"color: #000000;\"><span style=\"caret-color: #000000;\">Suite \u00e0 la premi\u00e8re r\u00e9union du CSE, l&rsquo;UNSA obtient les postes suivants :<\/span><\/span><\/span><\/span><\/p><ul><li><span style=\"font-variant-caps: normal; font-family: Roboto, sans-serif; font-size: 18px; font-style: normal; color: #a4107f;\"><span style=\"font-size: 18px;\"><span style=\"color: #000000;\"><span style=\"caret-color: #000000;\">secr\u00e9taire adjoint du CSE<\/span><\/span><\/span><\/span><\/li><li><span style=\"font-variant-caps: normal; font-family: Roboto, sans-serif; font-size: 18px; font-style: normal; color: #a4107f;\"><span style=\"font-size: 18px;\"><span style=\"color: #000000;\"><span style=\"caret-color: #000000;\">2 postes \u00e0 la commission CSSCT<\/span><\/span><\/span><\/span><\/li><li><span style=\"font-variant-caps: normal; font-family: Roboto, sans-serif; font-size: 18px; font-style: normal; color: #a4107f;\"><span style=\"font-size: 18px;\"><span style=\"color: #000000;\"><span style=\"caret-color: #000000;\">coordinateur de la commission CSSCT<\/span><\/span><\/span><\/span><\/li><li><span style=\"font-variant-caps: normal; font-family: Roboto, sans-serif; font-size: 18px; font-style: normal; color: #a4107f;\"><span style=\"font-size: 18px;\"><span style=\"color: #000000;\"><span style=\"caret-color: #000000;\">2 postes de repr\u00e9sentants de proximit\u00e9 (RP)<br \/><\/span><\/span><\/span><\/span><\/li><\/ul><p><span style=\"font-variant-caps: normal; font-family: Roboto, sans-serif; font-size: 18px; font-style: normal; color: #a4107f;\"><span style=\"font-size: 18px; font-weight: 600;\">vendredi 20 d\u00e9cembre<\/span><\/span><br \/><span style=\"color: #000000;\"><span style=\"caret-color: #000000;\">A l&rsquo;issue des \u00e9lections, l&rsquo;UNSA obtient 2<b> postes de titulaires<\/b> et <b>2 postes de suppl\u00e9ants<\/b> dans la nouvelle instance.<\/span><\/span><span style=\"color: #000000;\"><span style=\"caret-color: #000000;\"><br \/>L&rsquo;UNSA progresse l\u00e9g\u00e8rement en terme de repr\u00e9sentativit\u00e9 et gagne deux places, devenant la <b>troisi\u00e8me organisation syndicale de FDPS<\/b>.<\/span><\/span><\/p><p><span style=\"font-variant-caps: normal; font-family: Roboto, sans-serif; font-size: 18px; font-style: normal; color: #a4107f;\"><span style=\"font-size: 18px; font-weight: 600;\">mercredi 27 novembre<\/span><\/span><br \/><span style=\"color: #000000;\"><span style=\"caret-color: #000000;\">Lors de la r\u00e9union de ce jour, de nouvelles dates de scrutin ont \u00e9t\u00e9 d\u00e9cid\u00e9es : <strong>le 1er tour aura lieu les 10 et 11 d\u00e9cembre<\/strong>. <strong>Le second tour est pr\u00e9vu les 19 et 20 d\u00e9cembre<\/strong>.<br \/><strong>La proc\u00e9dure de vote et la proc\u00e9dure de secours sont modifi\u00e9es<\/strong> : reportez-vous aux futures communications de la Direction pour en prendre connaissance.<br \/>En cas de probl\u00e8me ou pour toute question, n&rsquo;h\u00e9sitez pas \u00e0 <span style=\"text-decoration: underline;\"><strong><span style=\"color: #000000; text-decoration: underline;\"><a style=\"color: #000000; text-decoration: underline;\" href=\"http:\/\/unsa-fnacdarty.org\/?page_id=27\">nous contacter<\/a><\/span><\/strong><\/span>.<\/span><\/span><\/p><p><span style=\"color: #a4107f;\"><strong>mercredi 20 novembre<\/strong><\/span><br \/><span style=\"color: #000000;\"><strong>Suite \u00e0 la d\u00e9couverte d&rsquo;une fraude, les \u00e9lections sont annul\u00e9es<\/strong>. Les organisations syndicales sont invit\u00e9es \u00e0 une r\u00e9union le 27\/11 avec la Direction pour d\u00e9cider de l&rsquo;organisation d&rsquo;un nouveau scrutin<\/span><\/p><p><span style=\"color: #a4107f;\"><strong>mardi 19 novembre<\/strong><\/span><br \/><span style=\"color: #000000;\">ouverture du scrutin \u00e0 10h. L&rsquo;\u00e9lection, exclusivement par voie \u00e9lectronique, se d\u00e9roule sur trois jours (d\u00e9tails et horaires sur les documents re\u00e7us par les salari\u00e9.e.s avec le mat\u00e9riel de vote)<\/span><\/p><p><span style=\"color: #a4107f;\"><strong>jeudi 14 novembre<\/strong><\/span><br \/><span style=\"color: #000000;\">Diffusion de notre <strong><span style=\"color: #10afda;\"><a style=\"color: #10afda;\" href=\"http:\/\/unsa-fnacdarty.org\/wp-content\/uploads\/2019\/11\/profession-de-foiv0.3.pdf\">profession de foi<\/a><\/span><\/strong><\/span><\/p><p><span style=\"color: #a4107f;\"><strong>mercredi 6 novembre<\/strong><\/span><br \/><span style=\"color: #000000;\">Diffusion de nos <strong><a href=\"http:\/\/unsa-fnacdarty.org\/wp-content\/uploads\/2019\/11\/Propositions-nego.pdf\"><span style=\"color: #10afda;\">propositions pour les n\u00e9gociations et l&rsquo;accompagnement des salari\u00e9.e.s<\/span><\/a><\/strong><\/span><\/p><p><span style=\"color: #a4107f;\"><strong>lundi 4 novembre<\/strong><\/span><br \/><span style=\"color: #000000;\">D\u00e9p\u00f4t officiel de la liste des candidat.e.s Unsa et de notre <strong><span style=\"color: #10afda;\"><a style=\"color: #10afda;\" href=\"http:\/\/unsa-fnacdarty.org\/wp-content\/uploads\/2019\/11\/profession-de-foiv0.3.pdf\">profession de foi<\/a><\/span><\/strong><\/span><\/p><p><span style=\"color: #a4107f;\"><strong>mardi 22 octobre<\/strong><\/span><br \/><span style=\"color: #000000;\">Diffusion de nos <span style=\"color: #10afda;\"><strong><a style=\"color: #10afda;\" href=\"http:\/\/unsa-fnacdarty.org\/wp-content\/uploads\/2019\/10\/propositions-ASC.pdf\">propositions pour les prestations du CSE<\/a><\/strong><\/span><\/span><\/p><p><strong><span style=\"color: #a4107f;\">mercredi 16 octobre<br \/><\/span><\/strong><span style=\"color: #000000;\">Suite aux trois r\u00e9unions de n\u00e9gociation du protocole d&rsquo;accord pr\u00e9-\u00e9lectoral, l&rsquo;UNSA a indiqu\u00e9 son accord de principe pour la signature du projet d&rsquo;accord, sous r\u00e9serve de quelques modifications r\u00e9dactionnelles<br \/><\/span><\/p><p><span style=\"color: #000000;\">\u00a0<\/span><strong><span style=\"color: #a4107f;\">\u00a0jeudi 3 octobre<br \/><\/span><\/strong><span style=\"color: #000000;\">Lors de la deuxi\u00e8me r\u00e9union de n\u00e9gociation du <a href=\"https:\/\/droit-finances.commentcamarche.com\/faq\/9450-protocole-d-accord-preelectoral-procedure-et-signature\"><span style=\"color: #10afda;\"><strong>protocole d&rsquo;accord pr\u00e9-\u00e9lectoral<\/strong><\/span><\/a>, les dates des \u00e9lections ont \u00e9t\u00e9 arr\u00eat\u00e9es :<\/span><\/p><ul><li><span style=\"color: #000000;\">1er tour : du 19 au 21 novembre 2019<\/span><\/li><li><span style=\"color: #000000;\">2\u00e8me tour : du 2 au 4 d\u00e9cembre 2019<br \/><\/span><\/li><\/ul><p><span style=\"color: #000000;\">\u00a0<\/span><strong style=\"font-size: 18px;\"><span style=\"color: #a4107f;\">lundi 16 septembre<br \/><\/span><\/strong><span style=\"color: #000000; font-size: 18px;\">Lancement de notre <strong><span style=\"color: #10afda;\"><a style=\"color: #10afda;\" href=\"http:\/\/unsa-fnacdarty.org\/wp-content\/uploads\/2019\/10\/201909-sondage-CE.pdf\">sondage express sur les prestations du CE<\/a><\/span><\/strong><\/span><\/p>\t\t\t\t\t\t<\/div>\n\t\t\t\t<\/div>\n\t\t\t\t<div class=\"elementor-element elementor-element-3b6b4d2 elementor-widget-divider--view-line elementor-widget elementor-widget-divider\" data-id=\"3b6b4d2\" data-element_type=\"widget\" data-widget_type=\"divider.default\">\n\t\t\t\t<div class=\"elementor-widget-container\">\n\t\t\t\t\t<div class=\"elementor-divider\">\n\t\t\t<span class=\"elementor-divider-separator\">\n\t\t\t\t\t\t<\/span>\n\t\t<\/div>\n\t\t\t\t<\/div>\n\t\t\t\t<\/div>\n\t\t\t\t\t<\/div>\n\t\t<\/div>\n\t\t\t\t\t\t\t<\/div>\n\t\t<\/section>\n\t\t\t\t<section class=\"elementor-section elementor-top-section elementor-element elementor-element-1a0f1ea elementor-section-boxed elementor-section-height-default elementor-section-height-default\" data-id=\"1a0f1ea\" data-element_type=\"section\">\n\t\t\t\t\t\t<div class=\"elementor-container elementor-column-gap-default\">\n\t\t\t\t\t<div class=\"elementor-column elementor-col-100 elementor-top-column elementor-element elementor-element-d0a53f0\" data-id=\"d0a53f0\" data-element_type=\"column\">\n\t\t\t<div class=\"elementor-widget-wrap elementor-element-populated\">\n\t\t\t\t\t\t\t\t<div class=\"elementor-element elementor-element-e204682 elementor-widget elementor-widget-text-editor\" data-id=\"e204682\" data-element_type=\"widget\" data-widget_type=\"text-editor.default\">\n\t\t\t\t<div class=\"elementor-widget-container\">\n\t\t\t\t\t\t\t<p><strong><span style=\"color: #000000;\">Retrouvez ici nos documents d&rsquo;information et communication de campagne \u00e0 t\u00e9l\u00e9charger<\/span><\/strong><\/p>\t\t\t\t\t\t<\/div>\n\t\t\t\t<\/div>\n\t\t\t\t<section class=\"elementor-section elementor-inner-section elementor-element elementor-element-4a72ff2 elementor-section-boxed elementor-section-height-default elementor-section-height-default\" data-id=\"4a72ff2\" data-element_type=\"section\">\n\t\t\t\t\t\t<div class=\"elementor-container elementor-column-gap-default\">\n\t\t\t\t\t<div class=\"elementor-column elementor-col-50 elementor-inner-column elementor-element elementor-element-3faee77\" data-id=\"3faee77\" data-element_type=\"column\">\n\t\t\t<div class=\"elementor-widget-wrap elementor-element-populated\">\n\t\t\t\t\t\t\t\t<div class=\"elementor-element elementor-element-40ef7d2 elementor-widget elementor-widget-image\" data-id=\"40ef7d2\" data-element_type=\"widget\" data-widget_type=\"image.default\">\n\t\t\t\t<div class=\"elementor-widget-container\">\n\t\t\t\t\t\t\t\t\t\t\t\t\t\t\t<img loading=\"lazy\" decoding=\"async\" width=\"150\" height=\"150\" src=\"http:\/\/unsa-fnacdarty.org\/wp-content\/uploads\/2019\/10\/icone_telecharger-150x150.png\" class=\"attachment-thumbnail size-thumbnail wp-image-1509\" alt=\"\" srcset=\"http:\/\/unsa-fnacdarty.org\/wp-content\/uploads\/2019\/10\/icone_telecharger-150x150.png 150w, http:\/\/unsa-fnacdarty.org\/wp-content\/uploads\/2019\/10\/icone_telecharger-300x300.png 300w, http:\/\/unsa-fnacdarty.org\/wp-content\/uploads\/2019\/10\/icone_telecharger.png 720w\" sizes=\"auto, (max-width: 150px) 100vw, 150px\" \/>\t\t\t\t\t\t\t\t\t\t\t\t\t\t\t<\/div>\n\t\t\t\t<\/div>\n\t\t\t\t\t<\/div>\n\t\t<\/div>\n\t\t\t\t<div class=\"elementor-column elementor-col-50 elementor-inner-column elementor-element elementor-element-0672dc0\" data-id=\"0672dc0\" data-element_type=\"column\">\n\t\t\t<div class=\"elementor-widget-wrap elementor-element-populated\">\n\t\t\t\t\t\t\t\t<div class=\"elementor-element elementor-element-3856754 elementor-widget elementor-widget-text-editor\" data-id=\"3856754\" data-element_type=\"widget\" data-widget_type=\"text-editor.default\">\n\t\t\t\t<div class=\"elementor-widget-container\">\n\t\t\t\t\t\t\t<ul><li><strong style=\"color: #808080; font-size: 18px;\"><span style=\"color: #10afda;\"><a style=\"color: #10afda;\" href=\"http:\/\/unsa-fnacdarty.org\/wp-content\/uploads\/2019\/11\/profession-de-foiv0.3.pdf\">Profession de foi<\/a><\/span><\/strong><\/li><li style=\"font-size: 18px;\"><a href=\"http:\/\/unsa-fnacdarty.org\/wp-content\/uploads\/2019\/11\/Propositions-nego.pdf\"><span style=\"font-size: 18px; color: #10afda;\"><span style=\"font-size: 18px; font-weight: 600;\"><span style=\"font-size: 18px;\">Propositions de l&rsquo;UNSA pour les n\u00e9gociations et l&rsquo;accompagnement des salari\u00e9.e.s<\/span><\/span><\/span><\/a><\/li><li><a href=\"http:\/\/unsa-fnacdarty.org\/wp-content\/uploads\/2019\/10\/propositions-ASC.pdf\"><span style=\"color: #808080; font-size: 18px;\"><strong><span style=\"color: #10afda;\">Propositions de l&rsquo;UNSA pour les prestations du CSE<\/span><\/strong><\/span><\/a><\/li><li><span style=\"color: #10afda;\"><strong style=\"font-size: 18px;\"><a style=\"color: #10afda;\" href=\"http:\/\/unsa-fnacdarty.org\/wp-content\/uploads\/2019\/10\/appel-candidature-CSE-FDPS.pdf\">Appel \u00e0 candidature<\/a><\/strong><\/span><\/li><li><span style=\"color: #808080; font-size: 18px;\"><a href=\"http:\/\/unsa-fnacdarty.org\/wp-content\/uploads\/2019\/10\/r\u00e9sultats-sondage-prestations-CE.pdf\"><span style=\"color: #10afda;\"><strong>R\u00e9sultats du sondage<\/strong><\/span><\/a>\u00a0<\/span><\/li><li><span style=\"color: #10afda;\"><strong style=\"font-size: 18px;\"><a style=\"color: #10afda;\" href=\"http:\/\/unsa-fnacdarty.org\/wp-content\/uploads\/2019\/10\/201909-sondage-CE.pdf\">Sondage express sur les prestations du CE<\/a><\/strong><\/span><\/li><\/ul>\t\t\t\t\t\t<\/div>\n\t\t\t\t<\/div>\n\t\t\t\t\t<\/div>\n\t\t<\/div>\n\t\t\t\t\t\t\t<\/div>\n\t\t<\/section>\n\t\t\t\t\t<\/div>\n\t\t<\/div>\n\t\t\t\t\t\t\t<\/div>\n\t\t<\/section>\n\t\t\t\t\t\t\t<\/div>\n\t\t","protected":false},"excerpt":{"rendered":"<p>A l&rsquo;occasion des \u00e9lections professionnelles pour le si\u00e8ge du groupe, suivez sur cette page l&rsquo;actu de la campagne \u00e9lectorale (Retrouvez en bas de cette page l&rsquo;int\u00e9gralit\u00e9 de nos documents d&rsquo;informationet de communication de campagne \u00e0 t\u00e9l\u00e9charger) \u00a0 Suite \u00e0 ces \u00e9lections, retrouvez tous vos repr\u00e9sentant.e.s UNSA FDPS et l&rsquo;actualit\u00e9 de la section sur cette page [&hellip;]<\/p>\n","protected":false},"author":1,"featured_media":0,"parent":0,"menu_order":0,"comment_status":"closed","ping_status":"closed","template":"","meta":{"_mi_skip_tracking":false,"_exactmetrics_sitenote_active":false,"_exactmetrics_sitenote_note":"","_exactmetrics_sitenote_category":0,"footnotes":""},"class_list":["post-1477","page","type-page","status-publish","hentry","entry"],"_links":{"self":[{"href":"http:\/\/unsa-fnacdarty.org\/index.php?rest_route=\/wp\/v2\/pages\/1477","targetHints":{"allow":["GET"]}}],"collection":[{"href":"http:\/\/unsa-fnacdarty.org\/index.php?rest_route=\/wp\/v2\/pages"}],"about":[{"href":"http:\/\/unsa-fnacdarty.org\/index.php?rest_route=\/wp\/v2\/types\/page"}],"author":[{"embeddable":true,"href":"http:\/\/unsa-fnacdarty.org\/index.php?rest_route=\/wp\/v2\/users\/1"}],"replies":[{"embeddable":true,"href":"http:\/\/unsa-fnacdarty.org\/index.php?rest_route=%2Fwp%2Fv2%2Fcomments&post=1477"}],"version-history":[{"count":60,"href":"http:\/\/unsa-fnacdarty.org\/index.php?rest_route=\/wp\/v2\/pages\/1477\/revisions"}],"predecessor-version":[{"id":1790,"href":"http:\/\/unsa-fnacdarty.org\/index.php?rest_route=\/wp\/v2\/pages\/1477\/revisions\/1790"}],"wp:attachment":[{"href":"http:\/\/unsa-fnacdarty.org\/index.php?rest_route=%2Fwp%2Fv2%2Fmedia&parent=1477"}],"curies":[{"name":"wp","href":"https:\/\/api.w.org\/{rel}","templated":true}]}}