{"id":1299,"date":"2019-01-10T14:15:45","date_gmt":"2019-01-10T13:15:45","guid":{"rendered":"http:\/\/unsa-fnacdarty.org\/?page_id=1299"},"modified":"2019-01-10T14:17:47","modified_gmt":"2019-01-10T13:17:47","slug":"mesures-pour-le-pouvoir-dachat","status":"publish","type":"page","link":"http:\/\/unsa-fnacdarty.org\/?page_id=1299","title":{"rendered":"Mesures pour le \u00ab\u00a0pouvoir d&rsquo;achat\u00a0\u00bb"},"content":{"rendered":"\t\t<div data-elementor-type=\"wp-page\" data-elementor-id=\"1299\" class=\"elementor elementor-1299 elementor-bc-flex-widget\">\n\t\t\t\t\t\t\t\t\t<section class=\"elementor-section elementor-top-section elementor-element elementor-element-85648e4 elementor-section-boxed elementor-section-height-default elementor-section-height-default\" data-id=\"85648e4\" data-element_type=\"section\">\n\t\t\t\t\t\t<div class=\"elementor-container elementor-column-gap-default\">\n\t\t\t\t\t<div class=\"elementor-column elementor-col-100 elementor-top-column elementor-element elementor-element-bad4ff2\" data-id=\"bad4ff2\" data-element_type=\"column\">\n\t\t\t<div class=\"elementor-widget-wrap elementor-element-populated\">\n\t\t\t\t\t\t\t\t<div class=\"elementor-element elementor-element-e4e15bf elementor-widget elementor-widget-text-editor\" data-id=\"e4e15bf\" data-element_type=\"widget\" data-widget_type=\"text-editor.default\">\n\t\t\t\t<div class=\"elementor-widget-container\">\n\t\t\t\t\t\t\t<p style=\"text-align: center;\"><em>5 janvier 2019<\/em><\/p>\t\t\t\t\t\t<\/div>\n\t\t\t\t<\/div>\n\t\t\t\t<div class=\"elementor-element elementor-element-a053820 elementor-widget elementor-widget-text-editor\" data-id=\"a053820\" data-element_type=\"widget\" data-widget_type=\"text-editor.default\">\n\t\t\t\t<div class=\"elementor-widget-container\">\n\t\t\t\t\t\t\t<p style=\"text-align: center;\"><span style=\"color: #a4107f;\"><strong>R\u00c9DUCTION DES COTISATIONS SALARIALES<br \/><\/strong><b>ET D\u00c9FISCALISATION DES HEURES SUPPL\u00c9MENTAIRES<\/b><\/span><\/p>\t\t\t\t\t\t<\/div>\n\t\t\t\t<\/div>\n\t\t\t\t<section class=\"elementor-section elementor-inner-section elementor-element elementor-element-941d81d elementor-section-boxed elementor-section-height-default elementor-section-height-default\" data-id=\"941d81d\" data-element_type=\"section\">\n\t\t\t\t\t\t<div class=\"elementor-container elementor-column-gap-default\">\n\t\t\t\t\t<div class=\"elementor-column elementor-col-100 elementor-inner-column elementor-element elementor-element-891c0a5\" data-id=\"891c0a5\" data-element_type=\"column\">\n\t\t\t<div class=\"elementor-widget-wrap elementor-element-populated\">\n\t\t\t\t\t\t\t\t<div class=\"elementor-element elementor-element-a704f88 elementor-widget elementor-widget-text-editor\" data-id=\"a704f88\" data-element_type=\"widget\" data-widget_type=\"text-editor.default\">\n\t\t\t\t<div class=\"elementor-widget-container\">\n\t\t\t\t\t\t\t<p><span style=\"color: #000000;\">La loi acc\u00e9l\u00e8re la mise en \u0153uvre de la r\u00e9duction de cotisations salariales sur les heures suppl\u00e9mentaires, les heures compl\u00e9mentaires et les jours travaill\u00e9s au-del\u00e0 de 218 jours par an pour les \u00ab forfaits jours \u00bb pr\u00e9vue par la loi de financement de la s\u00e9curit\u00e9 sociale pour 2019. <strong><span style=\"color: #10afda;\">Attendue \u00e0 l\u2019origine pour le 1er septembre 2019, la mesure s\u2019appliquera aux heures r\u00e9alis\u00e9es d\u00e8s le 1er janvier 2019.<\/span><\/strong><\/span><\/p><p><br \/><span style=\"color: #000000;\">La r\u00e9duction de cotisation couvrira les cotisations salariales d\u2019assurance vieillesse et de retraite compl\u00e9mentaire, <strong><span style=\"color: #10afda;\">mais pas la CSG ni la CRDS<\/span><\/strong>, et sera applicable \u00e0 la r\u00e9mun\u00e9ration de l\u2019heure suppl\u00e9mentaire ou compl\u00e9mentaire, ainsi qu\u2019\u00e0 la majoration de salaire qui y est attach\u00e9e.<\/span><\/p><p><br \/><span style=\"color: #000000;\">Par ailleurs, en plus de cette r\u00e9duction de cotisations salariales, les r\u00e9mun\u00e9rations en cause seront aussi exon\u00e9r\u00e9es d\u2019imp\u00f4t sur le revenu, dans la limite annuelle de 5 000 \u20ac.<\/span><\/p><p><br \/><span style=\"color: #000000;\">De plus, les heures suppl\u00e9mentaires ou compl\u00e9mentaires qui auraient remplac\u00e9 d\u2019autres \u00e9l\u00e9ments de r\u00e9mun\u00e9ration (comme par exemple une prime) sur les 12 derniers mois ne pourraient pas b\u00e9n\u00e9ficier de ces exon\u00e9rations.<\/span><\/p>\t\t\t\t\t\t<\/div>\n\t\t\t\t<\/div>\n\t\t\t\t\t<\/div>\n\t\t<\/div>\n\t\t\t\t\t\t\t<\/div>\n\t\t<\/section>\n\t\t\t\t<div class=\"elementor-element elementor-element-fce4233 elementor-widget elementor-widget-image\" data-id=\"fce4233\" data-element_type=\"widget\" data-widget_type=\"image.default\">\n\t\t\t\t<div class=\"elementor-widget-container\">\n\t\t\t\t\t\t\t\t\t\t\t\t\t\t\t<img loading=\"lazy\" decoding=\"async\" width=\"950\" height=\"20\" src=\"http:\/\/unsa-fnacdarty.org\/wp-content\/uploads\/2018\/01\/deg_3.png\" class=\"attachment-large size-large wp-image-507\" alt=\"\" srcset=\"http:\/\/unsa-fnacdarty.org\/wp-content\/uploads\/2018\/01\/deg_3.png 950w, http:\/\/unsa-fnacdarty.org\/wp-content\/uploads\/2018\/01\/deg_3-300x6.png 300w, http:\/\/unsa-fnacdarty.org\/wp-content\/uploads\/2018\/01\/deg_3-768x16.png 768w\" sizes=\"auto, (max-width: 950px) 100vw, 950px\" \/>\t\t\t\t\t\t\t\t\t\t\t\t\t\t\t<\/div>\n\t\t\t\t<\/div>\n\t\t\t\t\t<\/div>\n\t\t<\/div>\n\t\t\t\t\t\t\t<\/div>\n\t\t<\/section>\n\t\t\t\t\t\t\t<\/div>\n\t\t","protected":false},"excerpt":{"rendered":"<p>5 janvier 2019 R\u00c9DUCTION DES COTISATIONS SALARIALESET D\u00c9FISCALISATION DES HEURES SUPPL\u00c9MENTAIRES La loi acc\u00e9l\u00e8re la mise en \u0153uvre de la r\u00e9duction de cotisations salariales sur les heures suppl\u00e9mentaires, les heures compl\u00e9mentaires et les jours travaill\u00e9s au-del\u00e0 de 218 jours par an pour les \u00ab forfaits jours \u00bb pr\u00e9vue par la loi de financement de la [&hellip;]<\/p>\n","protected":false},"author":1,"featured_media":0,"parent":0,"menu_order":0,"comment_status":"closed","ping_status":"closed","template":"","meta":{"_mi_skip_tracking":false,"_exactmetrics_sitenote_active":false,"_exactmetrics_sitenote_note":"","_exactmetrics_sitenote_category":0,"footnotes":""},"class_list":["post-1299","page","type-page","status-publish","hentry","entry"],"_links":{"self":[{"href":"http:\/\/unsa-fnacdarty.org\/index.php?rest_route=\/wp\/v2\/pages\/1299","targetHints":{"allow":["GET"]}}],"collection":[{"href":"http:\/\/unsa-fnacdarty.org\/index.php?rest_route=\/wp\/v2\/pages"}],"about":[{"href":"http:\/\/unsa-fnacdarty.org\/index.php?rest_route=\/wp\/v2\/types\/page"}],"author":[{"embeddable":true,"href":"http:\/\/unsa-fnacdarty.org\/index.php?rest_route=\/wp\/v2\/users\/1"}],"replies":[{"embeddable":true,"href":"http:\/\/unsa-fnacdarty.org\/index.php?rest_route=%2Fwp%2Fv2%2Fcomments&post=1299"}],"version-history":[{"count":4,"href":"http:\/\/unsa-fnacdarty.org\/index.php?rest_route=\/wp\/v2\/pages\/1299\/revisions"}],"predecessor-version":[{"id":1303,"href":"http:\/\/unsa-fnacdarty.org\/index.php?rest_route=\/wp\/v2\/pages\/1299\/revisions\/1303"}],"wp:attachment":[{"href":"http:\/\/unsa-fnacdarty.org\/index.php?rest_route=%2Fwp%2Fv2%2Fmedia&parent=1299"}],"curies":[{"name":"wp","href":"https:\/\/api.w.org\/{rel}","templated":true}]}}