{"id":1293,"date":"2019-01-10T13:57:51","date_gmt":"2019-01-10T12:57:51","guid":{"rendered":"http:\/\/unsa-fnacdarty.org\/?page_id=1293"},"modified":"2019-01-10T14:07:59","modified_gmt":"2019-01-10T13:07:59","slug":"fusion-agirc-arrco","status":"publish","type":"page","link":"http:\/\/unsa-fnacdarty.org\/?page_id=1293","title":{"rendered":"Fusion AGIRC &#8211; ARRCO"},"content":{"rendered":"\t\t<div data-elementor-type=\"wp-page\" data-elementor-id=\"1293\" class=\"elementor elementor-1293 elementor-bc-flex-widget\">\n\t\t\t\t\t\t\t\t\t<section class=\"elementor-section elementor-top-section elementor-element elementor-element-85648e4 elementor-section-boxed elementor-section-height-default elementor-section-height-default\" data-id=\"85648e4\" data-element_type=\"section\">\n\t\t\t\t\t\t<div class=\"elementor-container elementor-column-gap-default\">\n\t\t\t\t\t<div class=\"elementor-column elementor-col-100 elementor-top-column elementor-element elementor-element-bad4ff2\" data-id=\"bad4ff2\" data-element_type=\"column\">\n\t\t\t<div class=\"elementor-widget-wrap elementor-element-populated\">\n\t\t\t\t\t\t\t\t<div class=\"elementor-element elementor-element-e4e15bf elementor-widget elementor-widget-text-editor\" data-id=\"e4e15bf\" data-element_type=\"widget\" data-widget_type=\"text-editor.default\">\n\t\t\t\t<div class=\"elementor-widget-container\">\n\t\t\t\t\t\t\t<p style=\"text-align: center;\"><em>10 janvier 2019<\/em><\/p>\t\t\t\t\t\t<\/div>\n\t\t\t\t<\/div>\n\t\t\t\t<section class=\"elementor-section elementor-inner-section elementor-element elementor-element-941d81d elementor-section-boxed elementor-section-height-default elementor-section-height-default\" data-id=\"941d81d\" data-element_type=\"section\">\n\t\t\t\t\t\t<div class=\"elementor-container elementor-column-gap-default\">\n\t\t\t\t\t<div class=\"elementor-column elementor-col-100 elementor-inner-column elementor-element elementor-element-891c0a5\" data-id=\"891c0a5\" data-element_type=\"column\">\n\t\t\t<div class=\"elementor-widget-wrap elementor-element-populated\">\n\t\t\t\t\t\t\t\t<div class=\"elementor-element elementor-element-a704f88 elementor-widget elementor-widget-text-editor\" data-id=\"a704f88\" data-element_type=\"widget\" data-widget_type=\"text-editor.default\">\n\t\t\t\t<div class=\"elementor-widget-container\">\n\t\t\t\t\t\t\t<p><span style=\"color: #000000;\">En France, le syst\u00e8me de retraite repose sur le principe de r\u00e9partition et de solidarit\u00e9 entre les g\u00e9n\u00e9rations.<\/span><br \/><span style=\"color: #000000;\">Ce principe consiste \u00e0 financer les pensions de ceux qui sont actuellement \u00e0 la retraite, par les cotisations des salari\u00e9s actifs et de leurs employeurs.<\/span><\/p><p>\u00a0<\/p><p><b><span style=\"color: #c4107f;\">La retraite des salari\u00e9s du priv\u00e9<\/span><\/b><\/p><p><span style=\"color: #000000;\">Elle est compos\u00e9e de 2 cat\u00e9gories :<\/span><\/p><ul><li><span style=\"color: #000000;\">Le r\u00e9gime de base obligatoire : Commun\u00e9ment appel\u00e9 \u00ab retraite de base \u00bb, les cotisations finan\u00e7ant ce r\u00e9gime sont g\u00e9r\u00e9es par la S\u00e9curit\u00e9 Sociale, et plus pr\u00e9cis\u00e9ment la CNAV (Caisse Nationale d\u2019Assurance Vieillesse). Les cotisations sont comptabilis\u00e9es sous forme de trimestres.<\/span><\/li><li><span style=\"color: #000000;\">Le r\u00e9gime compl\u00e9mentaire obligatoire : Elle est dite compl\u00e9mentaire car elle vient s\u2019ajouter en compl\u00e9ment de la \u00ab retraite de base \u00bb. Les cotisations finan\u00e7ant ce r\u00e9gime sont g\u00e9r\u00e9es par l\u2019ARRCO (Association pour le R\u00e9gime de Retraite Compl\u00e9mentaire des salari\u00e9s) et par l\u2019AGIRC (Association G\u00e9n\u00e9rale des Institutions de retraite des Cadres). Les salari\u00e9s non cadres cotisant uniquement \u00e0 l\u2019ARRCO et les salari\u00e9s cadres \u00e0 l\u2019ARRCO et \u00e0 l\u2019AGIRC. Les cotisations comptabilis\u00e9es se transforment en points de retraite.<\/span><\/li><\/ul><p>\u00a0<\/p><p><b><span style=\"color: #c4107f;\">En quoi consiste la fusion des r\u00e9gimes ARRCO \u2013AGIRC au 01\/01\/2019 ?<\/span><\/b><\/p><p><span style=\"color: #000000;\">Pour plus de simplicit\u00e9 et de lisibilit\u00e9, les deux r\u00e9gimes compl\u00e9mentaires des salari\u00e9s du secteur priv\u00e9 fusionnent en un seul r\u00e9gime.<\/span><br \/><span style=\"color: #000000;\">Les points ARRCO seront repris \u00e0 l\u2019identique et deviendront des points AGIRC-ARRCO.<\/span><br \/><span style=\"color: #000000;\">Les points AGIRC des salari\u00e9s cadres seront convertis en points AGIRC-ARRCO avec la garantie d\u2019une stricte \u00e9quivalence des droits.<\/span><br \/><span style=\"color: #000000;\">Un double affichage du nombre de points avant et apr\u00e8s la conversion sera mis en place afin de faciliter la lecture.<\/span><br \/><span style=\"color: #000000;\">Dor\u00e9navant, chaque euro cotis\u00e9 doit donner les m\u00eames droits.<\/span><\/p><p>\u00a0<\/p><p><strong><span style=\"color: #c4107f;\">Quelles seront les cons\u00e9quences pratiques de cette fusion sur les paies 2019 ?<\/span><\/strong><\/p><p><span style=\"color: #000000;\">&#8211; Tranches de cotisation : Il n\u2019y aura plus que 2 tranches de cotisations :<\/span><\/p><ul><li><span style=\"color: #000000;\">T1 jusqu\u2019au plafond de la s\u00e9curit\u00e9 sociale (3 377 \u20ac par mois pour 2019)<\/span><\/li><li><span style=\"color: #000000;\">T2 de 1 plafond \u00e0 8 plafonds (de 3 378 \u20ac \u00e0 27 016 \u20ac par mois pour 2019<\/span><\/li><\/ul><p><span style=\"color: #000000;\">&#8211; Augmentation des taux de cotisations actuels due \u00e0 la hausse des frais de gestion :<\/span><\/p><ul><li><span style=\"color: #000000;\">7.87 % sur la T1 au lieu de 7.75%<\/span><\/li><li><span style=\"color: #000000;\">21.59 % sur la T2 au lieu de 20.55%<\/span><\/li><\/ul><p><span style=\"color: #000000;\">&#8211; Disparition de cotisations\u2026.<\/span><\/p><ul><li><span style=\"color: #000000;\">AGFF<\/span><\/li><li><span style=\"color: #000000;\">CET<\/span><\/li><li><span style=\"color: #000000;\">GMP<\/span><\/li><\/ul><p><span style=\"color: #000000;\">&#8211; \u2026 et cr\u00e9ation de nouvelles, applicables aussi bien aux cadres qu\u2019aux non-cadres<\/span><\/p><ul><li><span style=\"color: #000000;\">CEG (Contribution d\u2019Equilibre G\u00e9n\u00e9rale) 2.15% sur la T1 et 2,70% sur la T2<\/span><\/li><li><span style=\"color: #000000;\">Nouvelle CET \u00e0 0.35%<\/span><br \/><span style=\"color: #000000;\">&#8211; Abandon des sp\u00e9cificit\u00e9s \u00ab cadres \u00bb<\/span><\/li><\/ul><p><span style=\"color: #000000;\">&#8211; La r\u00e9partition des cotisations est \u00e0 minima de 60% part employeur et 40% part salari\u00e9<\/span><\/p><p>\u00a0<\/p><p><strong><span style=\"color: #c4107f;\">En r\u00e9sum\u00e9 ?<\/span><\/strong><\/p><p><span style=\"color: #000000;\">Pour 80% des salari\u00e9s, la fusion AGIRC-ARRCO ne changera pas leur compte de points.<\/span><br \/><span style=\"color: #000000;\">Un double affichage du nombre de points avant et apr\u00e8s la conversion sera mis en place afin de faciliter la lecture des relev\u00e9s de points retraite et une calculette de simulation en ligne est \u00e0 la disposition des salari\u00e9s.<\/span><br \/><span style=\"color: #000000;\">Dor\u00e9navant, il n\u2019y aura plus d\u2019enjeux retraite \u00e0 \u00eatre cadre ou non-cadre. L\u2019objectif \u00e9tant d\u2019acqu\u00e9rir les m\u00eames droits pour 1 \u20ac cotis\u00e9.<\/span><br \/><span style=\"color: #000000;\">Les cotisations de retraite compl\u00e9mentaires augmenteront en 2019 notamment en raison de la hausse des frais de gestion mais aussi de la mise en place de nouvelles cotisations dont le but est de compenser les charges r\u00e9sultant des d\u00e9parts \u00e0 la retraite avant 67 ans et d\u2019honorer les engagements retraite des personnes qui ont cotis\u00e9 \u00e0 la GMP.<\/span><\/p>\t\t\t\t\t\t<\/div>\n\t\t\t\t<\/div>\n\t\t\t\t\t<\/div>\n\t\t<\/div>\n\t\t\t\t\t\t\t<\/div>\n\t\t<\/section>\n\t\t\t\t<div class=\"elementor-element elementor-element-fce4233 elementor-widget elementor-widget-image\" data-id=\"fce4233\" data-element_type=\"widget\" data-widget_type=\"image.default\">\n\t\t\t\t<div class=\"elementor-widget-container\">\n\t\t\t\t\t\t\t\t\t\t\t\t\t\t\t<img loading=\"lazy\" decoding=\"async\" width=\"950\" height=\"20\" src=\"http:\/\/unsa-fnacdarty.org\/wp-content\/uploads\/2018\/01\/deg_3.png\" class=\"attachment-large size-large wp-image-507\" alt=\"\" srcset=\"http:\/\/unsa-fnacdarty.org\/wp-content\/uploads\/2018\/01\/deg_3.png 950w, http:\/\/unsa-fnacdarty.org\/wp-content\/uploads\/2018\/01\/deg_3-300x6.png 300w, http:\/\/unsa-fnacdarty.org\/wp-content\/uploads\/2018\/01\/deg_3-768x16.png 768w\" sizes=\"auto, (max-width: 950px) 100vw, 950px\" \/>\t\t\t\t\t\t\t\t\t\t\t\t\t\t\t<\/div>\n\t\t\t\t<\/div>\n\t\t\t\t\t<\/div>\n\t\t<\/div>\n\t\t\t\t\t\t\t<\/div>\n\t\t<\/section>\n\t\t\t\t\t\t\t<\/div>\n\t\t","protected":false},"excerpt":{"rendered":"<p>10 janvier 2019 En France, le syst\u00e8me de retraite repose sur le principe de r\u00e9partition et de solidarit\u00e9 entre les g\u00e9n\u00e9rations.Ce principe consiste \u00e0 financer les pensions de ceux qui sont actuellement \u00e0 la retraite, par les cotisations des salari\u00e9s actifs et de leurs employeurs. \u00a0 La retraite des salari\u00e9s du priv\u00e9 Elle est compos\u00e9e [&hellip;]<\/p>\n","protected":false},"author":1,"featured_media":0,"parent":0,"menu_order":0,"comment_status":"closed","ping_status":"closed","template":"","meta":{"_mi_skip_tracking":false,"_exactmetrics_sitenote_active":false,"_exactmetrics_sitenote_note":"","_exactmetrics_sitenote_category":0,"footnotes":""},"class_list":["post-1293","page","type-page","status-publish","hentry","entry"],"_links":{"self":[{"href":"http:\/\/unsa-fnacdarty.org\/index.php?rest_route=\/wp\/v2\/pages\/1293","targetHints":{"allow":["GET"]}}],"collection":[{"href":"http:\/\/unsa-fnacdarty.org\/index.php?rest_route=\/wp\/v2\/pages"}],"about":[{"href":"http:\/\/unsa-fnacdarty.org\/index.php?rest_route=\/wp\/v2\/types\/page"}],"author":[{"embeddable":true,"href":"http:\/\/unsa-fnacdarty.org\/index.php?rest_route=\/wp\/v2\/users\/1"}],"replies":[{"embeddable":true,"href":"http:\/\/unsa-fnacdarty.org\/index.php?rest_route=%2Fwp%2Fv2%2Fcomments&post=1293"}],"version-history":[{"count":3,"href":"http:\/\/unsa-fnacdarty.org\/index.php?rest_route=\/wp\/v2\/pages\/1293\/revisions"}],"predecessor-version":[{"id":1296,"href":"http:\/\/unsa-fnacdarty.org\/index.php?rest_route=\/wp\/v2\/pages\/1293\/revisions\/1296"}],"wp:attachment":[{"href":"http:\/\/unsa-fnacdarty.org\/index.php?rest_route=%2Fwp%2Fv2%2Fmedia&parent=1293"}],"curies":[{"name":"wp","href":"https:\/\/api.w.org\/{rel}","templated":true}]}}